{"id":30,"date":"2026-02-19T16:46:43","date_gmt":"2026-02-19T16:46:43","guid":{"rendered":"https:\/\/mathildepasseri.fr\/?page_id=30"},"modified":"2026-04-10T05:38:28","modified_gmt":"2026-04-10T05:38:28","slug":"accueil","status":"publish","type":"page","link":"https:\/\/mathildepasseri.fr\/","title":{"rendered":"Accueil"},"content":{"rendered":"\n<div class=\"wp-block-group alignfull is-style-section-1 is-layout-flow wp-container-core-group-is-layout-b87d622f wp-block-group-is-layout-flow is-style-section-1--1\" style=\"margin-top:0;margin-bottom:0;padding-top:0px;padding-bottom:0px\">\n<div class=\"wp-block-columns alignfull is-style-section-2 is-layout-flex wp-container-core-columns-is-layout-d9884270 wp-block-columns-is-layout-flex is-style-section-2--2\" style=\"padding-top:0;padding-bottom:0\">\n<div class=\"wp-block-column is-style-section-1 is-layout-flow wp-block-column-is-layout-flow is-style-section-1--3\" style=\"flex-basis:50%\">\n<div class=\"wp-block-group is-vertical is-content-justification-stretch is-layout-flex wp-container-core-group-is-layout-098fff0a wp-block-group-is-layout-flex\" style=\"min-height:33vh;padding-top:var(--wp--preset--spacing--50);padding-right:var(--wp--preset--spacing--50);padding-bottom:var(--wp--preset--spacing--50);padding-left:var(--wp--preset--spacing--50)\">\n<div style=\"height:0px\" aria-hidden=\"true\" class=\"wp-block-spacer wp-container-content-9760934e\"><\/div>\n\n\n\n<p class=\"is-style-text-display is-style-text-display--4\">BIENVENU\u00b7ES<\/p>\n\n\n\n<div style=\"height:51px\" aria-hidden=\"true\" class=\"wp-block-spacer wp-container-content-2a5a8001\"><\/div>\n\n\n\n<p class=\"has-text-align-left\">Je m\u2019appelle Mathilde Passeri, je suis conseill\u00e8re conjugale et familiale, \u00e9galement form\u00e9e \u00e0 la m\u00e9thode Gottman(th\u00e9rapie de couple).<\/p>\n\n\n\n<p class=\"has-text-align-left\">Je vous propose un espace d\u2019\u00e9coute qui s\u2019adapte \u00e0 votre rythme et que je souhaite le plus s\u00e9curisant possible. <\/p>\n\n\n\n<p>Mon approche prend en compte les r\u00e9alit\u00e9s sociales et les oppressions syst\u00e9miques (sexisme, racisme, LGBTQIA+phobies, validisme, etc&#8230;), qui peuvent influencer les v\u00e9cus et les relations.<\/p>\n\n\n\n<div style=\"height:67px\" aria-hidden=\"true\" class=\"wp-block-spacer wp-container-content-f21fd5d9\"><\/div>\n\n\n\n<p>J&#8217;accompagne les personnes en individuel ou en collectif (couple, famille, ami\u00b7es, etc&#8230;) pour :<\/p>\n\n\n\n<ul class=\"wp-block-list\">\n<li>Des <strong>difficult\u00e9s<\/strong> : relationnelles, de communication, \u00e0 faire des choix, d&#8217;estime de soi&#8230;<\/li>\n\n\n\n<li>Des <strong>situations de violence<\/strong> (conjugales, sexuelles, etc&#8230;) actuelles ou pass\u00e9es.<\/li>\n\n\n\n<li>Des <strong>questionnements<\/strong> sur : la sexualit\u00e9, l&#8217;orientation sexuelle, le d\u00e9sir, le plaisir&#8230;<\/li>\n<\/ul>\n\n\n\n<div style=\"height:55px\" aria-hidden=\"true\" class=\"wp-block-spacer wp-container-content-0591978f\"><\/div>\n<\/div>\n<\/div>\n\n\n\n<div class=\"wp-block-column is-style-section-1 is-layout-flow wp-block-column-is-layout-flow is-style-section-1--5\" style=\"flex-basis:50%\">\n<div class=\"wp-block-cover aligncenter\" style=\"min-height:926px;aspect-ratio:unset;\"><img loading=\"lazy\" decoding=\"async\" width=\"756\" height=\"1024\" class=\"wp-block-cover__image-background wp-image-254 size-large\" alt=\"\" src=\"https:\/\/mathildepasseri.fr\/wp-content\/uploads\/2026\/04\/Capture-decran-2026-04-10-a-07.37.43-756x1024.png\" data-object-fit=\"cover\" srcset=\"https:\/\/mathildepasseri.fr\/wp-content\/uploads\/2026\/04\/Capture-decran-2026-04-10-a-07.37.43-756x1024.png 756w, https:\/\/mathildepasseri.fr\/wp-content\/uploads\/2026\/04\/Capture-decran-2026-04-10-a-07.37.43-222x300.png 222w, https:\/\/mathildepasseri.fr\/wp-content\/uploads\/2026\/04\/Capture-decran-2026-04-10-a-07.37.43-768x1040.png 768w, https:\/\/mathildepasseri.fr\/wp-content\/uploads\/2026\/04\/Capture-decran-2026-04-10-a-07.37.43-1134x1536.png 1134w, https:\/\/mathildepasseri.fr\/wp-content\/uploads\/2026\/04\/Capture-decran-2026-04-10-a-07.37.43.png 1428w\" sizes=\"auto, (max-width: 756px) 100vw, 756px\" \/><span aria-hidden=\"true\" class=\"wp-block-cover__background has-background-dim-0 has-background-dim\" style=\"background-color:#7e7c5a\"><\/span><div class=\"wp-block-cover__inner-container is-layout-flow wp-block-cover-is-layout-flow\">\n<div style=\"height:var(--wp--preset--spacing--20)\" aria-hidden=\"true\" class=\"wp-block-spacer\"><\/div>\n<\/div><\/div>\n\n\n\n<div style=\"height:0px\" aria-hidden=\"true\" class=\"wp-block-spacer\"><\/div>\n<\/div>\n<\/div>\n<\/div>\n\n\n\n<div class=\"wp-block-columns is-layout-flex wp-container-core-columns-is-layout-28f84493 wp-block-columns-is-layout-flex\">\n<div class=\"wp-block-column is-layout-flow wp-block-column-is-layout-flow\">\n<p class=\"has-text-align-center\"><strong>Vous pouvez me contacter au 06 19 22 91 29<\/strong><\/p>\n\n\n\n<p class=\"has-text-align-center\"><strong>ou par mail \u00e0 passerimathilde@yahoo.com<\/strong><\/p>\n<\/div>\n<\/div>\n\n\n\n<p class=\"has-text-align-center\">Conseill\u00e8re conjugale et familiale \u00e0 Valence, dans la Dr\u00f4me<\/p>\n","protected":false},"excerpt":{"rendered":"<p>BIENVENU\u00b7ES Je m\u2019appelle Mathilde Passeri, je suis conseill\u00e8re conjugale et familiale, \u00e9galement form\u00e9e \u00e0 la m\u00e9thode Gottman(th\u00e9rapie de couple). Je vous propose un espace d\u2019\u00e9coute qui s\u2019adapte \u00e0 votre rythme et que je souhaite le plus s\u00e9curisant possible. Mon approche prend en compte les r\u00e9alit\u00e9s sociales et les oppressions syst\u00e9miques (sexisme, racisme, LGBTQIA+phobies, validisme, etc&#8230;), [&hellip;]<\/p>\n","protected":false},"author":1,"featured_media":0,"parent":0,"menu_order":0,"comment_status":"closed","ping_status":"closed","template":"","meta":{"footnotes":""},"class_list":["post-30","page","type-page","status-publish","hentry"],"_links":{"self":[{"href":"https:\/\/mathildepasseri.fr\/index.php\/wp-json\/wp\/v2\/pages\/30","targetHints":{"allow":["GET"]}}],"collection":[{"href":"https:\/\/mathildepasseri.fr\/index.php\/wp-json\/wp\/v2\/pages"}],"about":[{"href":"https:\/\/mathildepasseri.fr\/index.php\/wp-json\/wp\/v2\/types\/page"}],"author":[{"embeddable":true,"href":"https:\/\/mathildepasseri.fr\/index.php\/wp-json\/wp\/v2\/users\/1"}],"replies":[{"embeddable":true,"href":"https:\/\/mathildepasseri.fr\/index.php\/wp-json\/wp\/v2\/comments?post=30"}],"version-history":[{"count":36,"href":"https:\/\/mathildepasseri.fr\/index.php\/wp-json\/wp\/v2\/pages\/30\/revisions"}],"predecessor-version":[{"id":255,"href":"https:\/\/mathildepasseri.fr\/index.php\/wp-json\/wp\/v2\/pages\/30\/revisions\/255"}],"wp:attachment":[{"href":"https:\/\/mathildepasseri.fr\/index.php\/wp-json\/wp\/v2\/media?parent=30"}],"curies":[{"name":"wp","href":"https:\/\/api.w.org\/{rel}","templated":true}]}}