{"id":52,"date":"2026-02-19T16:47:00","date_gmt":"2026-02-19T16:47:00","guid":{"rendered":"https:\/\/mathildepasseri.fr\/?page_id=52"},"modified":"2026-04-20T09:21:27","modified_gmt":"2026-04-20T09:21:27","slug":"tarifs","status":"publish","type":"page","link":"https:\/\/mathildepasseri.fr\/index.php\/tarifs\/","title":{"rendered":"Tarifs"},"content":{"rendered":"\n<div class=\"wp-block-cover alignfull is-light has-contrast-color has-text-color has-link-color wp-elements-55caa7dce39eeac21198369217746dcd\" style=\"margin-top:0;margin-bottom:0;padding-top:var(--wp--preset--spacing--60);padding-right:var(--wp--preset--spacing--50);padding-bottom:var(--wp--preset--spacing--60);padding-left:var(--wp--preset--spacing--50)\"><span aria-hidden=\"true\" class=\"wp-block-cover__background has-base-background-color has-background-dim-100 has-background-dim\"><\/span><div class=\"wp-block-cover__inner-container has-global-padding is-layout-constrained wp-container-core-cover-is-layout-873ee6b1 wp-block-cover-is-layout-constrained\">\n<div class=\"wp-block-columns alignwide is-style-section-1 is-layout-flex wp-container-core-columns-is-layout-7ee84d44 wp-block-columns-is-layout-flex is-style-section-1--1\">\n<div class=\"wp-block-column is-layout-flow wp-block-column-is-layout-flow\" style=\"flex-basis:65%\">\n<div class=\"wp-block-group is-vertical is-content-justification-stretch is-layout-flex wp-container-core-group-is-layout-353c4f5a wp-block-group-is-layout-flex\">\n<h2 class=\"wp-block-heading has-text-align-left\"><strong>Tarifs<\/strong><\/h2>\n\n\n\n<p class=\"is-style-text-subtitle is-style-text-subtitle--2\">S\u00e9ances individuelles de 50 minutes au tarif de 60 \u20ac.<br>Merci de pr\u00e9voir environ 1 heure sur place pour le temps d\u2019installation et l\u2019organisation d\u2019un \u00e9ventuel prochain rendez-vous.<\/p>\n\n\n\n<p class=\"is-style-text-subtitle is-style-text-subtitle--3\">La premi\u00e8re s\u00e9ance dure 1h30 et est factur\u00e9e au m\u00eame tarif.<\/p>\n\n\n\n<p>\u200b<\/p>\n\n\n\n<p class=\"is-style-text-subtitle is-style-text-subtitle--4\">S\u00e9ances en collectif (couple, famille, ami\u00b7es, etc&#8230;)d\u2019une dur\u00e9e de 1h20, au tarif de 90 \u20ac.<br>Merci de pr\u00e9voir environ 1h30 sur place pour le temps d\u2019installation et l\u2019organisation d\u2019un \u00e9ventuel prochain rendez-vous.<\/p>\n\n\n\n<p class=\"is-style-text-subtitle is-style-text-subtitle--5\"><strong>Pour que l&#8217;argent ne soit pas un frein, certaines s\u00e9ances sont \u00e0 prix libre (\u00e0 partir de 5 euros). N&#8217;h\u00e9sitez pas \u00e0 me contacter pour plus d&#8217;informations.<\/strong><\/p>\n<\/div>\n<\/div>\n\n\n\n<div class=\"wp-block-column is-layout-flow wp-block-column-is-layout-flow\" style=\"flex-basis:35%\">\n<div class=\"wp-block-group is-vertical is-content-justification-stretch is-nowrap is-layout-flex wp-container-core-group-is-layout-73b0033c wp-block-group-is-layout-flex\">\n<div class=\"wp-block-columns is-layout-flex wp-container-core-columns-is-layout-28f84493 wp-block-columns-is-layout-flex\">\n<div class=\"wp-block-column is-vertically-aligned-center is-layout-flow wp-block-column-is-layout-flow\" style=\"flex-basis:100%\">\n<figure class=\"wp-block-image size-full\"><img loading=\"lazy\" decoding=\"async\" width=\"1820\" height=\"1924\" src=\"https:\/\/mathildepasseri.fr\/wp-content\/uploads\/2026\/02\/Capture-decran-2026-02-18-a-16.15.14.png\" alt=\"\" class=\"wp-image-53\" style=\"aspect-ratio:3\/4;object-fit:cover\" srcset=\"https:\/\/mathildepasseri.fr\/wp-content\/uploads\/2026\/02\/Capture-decran-2026-02-18-a-16.15.14.png 1820w, https:\/\/mathildepasseri.fr\/wp-content\/uploads\/2026\/02\/Capture-decran-2026-02-18-a-16.15.14-284x300.png 284w, https:\/\/mathildepasseri.fr\/wp-content\/uploads\/2026\/02\/Capture-decran-2026-02-18-a-16.15.14-969x1024.png 969w, https:\/\/mathildepasseri.fr\/wp-content\/uploads\/2026\/02\/Capture-decran-2026-02-18-a-16.15.14-768x812.png 768w, https:\/\/mathildepasseri.fr\/wp-content\/uploads\/2026\/02\/Capture-decran-2026-02-18-a-16.15.14-1453x1536.png 1453w\" sizes=\"auto, (max-width: 1820px) 100vw, 1820px\" \/><\/figure>\n<\/div>\n<\/div>\n<\/div>\n<\/div>\n<\/div>\n<\/div><\/div>\n\n\n\n<div class=\"wp-block-columns is-layout-flex wp-container-core-columns-is-layout-28f84493 wp-block-columns-is-layout-flex\">\n<div class=\"wp-block-column is-layout-flow wp-block-column-is-layout-flow\">\n<p class=\"has-text-align-center\"><strong>Vous pouvez me contacter au 06 19 22 91 29<\/strong><\/p>\n\n\n\n<p class=\"has-text-align-center\"><strong>ou par mail \u00e0 passerimathilde@yahoo.com<\/strong><\/p>\n<\/div>\n<\/div>\n\n\n\n<p class=\"has-text-align-center\">Conseill\u00e8re conjugale et familiale \u00e0 Valence, dans la Dr\u00f4me<\/p>\n\n\n\n<p><\/p>\n","protected":false},"excerpt":{"rendered":"<p>Conseill\u00e8re conjugale et familiale \u00e0 Valence, dans la Dr\u00f4me<\/p>\n","protected":false},"author":1,"featured_media":0,"parent":0,"menu_order":0,"comment_status":"closed","ping_status":"closed","template":"","meta":{"footnotes":""},"class_list":["post-52","page","type-page","status-publish","hentry"],"_links":{"self":[{"href":"https:\/\/mathildepasseri.fr\/index.php\/wp-json\/wp\/v2\/pages\/52","targetHints":{"allow":["GET"]}}],"collection":[{"href":"https:\/\/mathildepasseri.fr\/index.php\/wp-json\/wp\/v2\/pages"}],"about":[{"href":"https:\/\/mathildepasseri.fr\/index.php\/wp-json\/wp\/v2\/types\/page"}],"author":[{"embeddable":true,"href":"https:\/\/mathildepasseri.fr\/index.php\/wp-json\/wp\/v2\/users\/1"}],"replies":[{"embeddable":true,"href":"https:\/\/mathildepasseri.fr\/index.php\/wp-json\/wp\/v2\/comments?post=52"}],"version-history":[{"count":12,"href":"https:\/\/mathildepasseri.fr\/index.php\/wp-json\/wp\/v2\/pages\/52\/revisions"}],"predecessor-version":[{"id":256,"href":"https:\/\/mathildepasseri.fr\/index.php\/wp-json\/wp\/v2\/pages\/52\/revisions\/256"}],"wp:attachment":[{"href":"https:\/\/mathildepasseri.fr\/index.php\/wp-json\/wp\/v2\/media?parent=52"}],"curies":[{"name":"wp","href":"https:\/\/api.w.org\/{rel}","templated":true}]}}